{"id":2,"date":"2023-08-15T18:33:39","date_gmt":"2023-08-15T18:33:39","guid":{"rendered":"https:\/\/ladestructiondesespacesvides.com\/whats-on\/?page_id=2"},"modified":"2023-08-18T09:52:49","modified_gmt":"2023-08-18T09:52:49","slug":"sample-page","status":"publish","type":"page","link":"https:\/\/ladestructiondesespacesvides.com\/whats-on\/sample-page\/","title":{"rendered":"about"},"content":{"rendered":"\n<p><strong>ladestructiondesespacesvides<\/strong> est un collectif franco-belge fond\u00e9 en 2012 par Iris Lafon et Val\u00e9rie Leclercq, qui allie recherches curatoriales, musicales et para-acad\u00e9miques.<\/p>\n\n\n\n<p><strong>ladestructiondesespacesvides<\/strong> affectionne les interventions maladroites, les expositions plac\u00e9es en \u00e9tat-limite, et pr\u00f4ne de mani\u00e8re g\u00e9n\u00e9rale une certaine esth\u00e9tique du d\u00e9rapage et de l\u2019erreur.<\/p>\n\n\n\n<p><strong>ladestructiondesespacesvides<\/strong> s\u2019efforce, selon cette \u00e9thique, d\u2019offrir aux artistes et aux musicien\u00b7nes qu\u2019elle invite un environnement favorable \u00e0 des formes d\u2019explorations artistiques qui seraient peu s\u00e9antes dans des contextes plus commerciaux.<\/p>\n","protected":false},"excerpt":{"rendered":"<p>ladestructiondesespacesvides est un collectif franco-belge fond\u00e9 en 2012 par Iris Lafon et Val\u00e9rie Leclercq, qui allie recherches curatoriales, musicales et para-acad\u00e9miques. ladestructiondesespacesvides affectionne les interventions maladroites, les expositions plac\u00e9es en \u00e9tat-limite, et pr\u00f4ne de mani\u00e8re g\u00e9n\u00e9rale une certaine esth\u00e9tique du d\u00e9rapage et de l\u2019erreur. ladestructiondesespacesvides s\u2019efforce, selon cette \u00e9thique, d\u2019offrir aux artistes et aux musicien\u00b7nes [&hellip;]<\/p>\n","protected":false},"author":1,"featured_media":0,"parent":0,"menu_order":0,"comment_status":"closed","ping_status":"open","template":"","meta":{"nf_dc_page":"","om_disable_all_campaigns":false,"footnotes":""},"class_list":["post-2","page","type-page","status-publish","hentry"],"yoast_head":"<!-- This site is optimized with the Yoast SEO plugin v27.5 - https:\/\/yoast.com\/product\/yoast-seo-wordpress\/ -->\n<title>about - ladestructiondesespacesvides<\/title>\n<meta name=\"robots\" content=\"index, follow, max-snippet:-1, max-image-preview:large, max-video-preview:-1\" \/>\n<link rel=\"canonical\" href=\"https:\/\/ladestructiondesespacesvides.com\/whats-on\/sample-page\/\" \/>\n<meta property=\"og:locale\" content=\"fr_FR\" \/>\n<meta property=\"og:type\" content=\"article\" \/>\n<meta property=\"og:title\" content=\"about - ladestructiondesespacesvides\" \/>\n<meta property=\"og:description\" content=\"ladestructiondesespacesvides est un collectif franco-belge fond\u00e9 en 2012 par Iris Lafon et Val\u00e9rie Leclercq, qui allie recherches curatoriales, musicales et para-acad\u00e9miques. ladestructiondesespacesvides affectionne les interventions maladroites, les expositions plac\u00e9es en \u00e9tat-limite, et pr\u00f4ne de mani\u00e8re g\u00e9n\u00e9rale une certaine esth\u00e9tique du d\u00e9rapage et de l\u2019erreur. ladestructiondesespacesvides s\u2019efforce, selon cette \u00e9thique, d\u2019offrir aux artistes et aux musicien\u00b7nes [&hellip;]\" \/>\n<meta property=\"og:url\" content=\"https:\/\/ladestructiondesespacesvides.com\/whats-on\/sample-page\/\" \/>\n<meta property=\"og:site_name\" content=\"ladestructiondesespacesvides\" \/>\n<meta property=\"article:publisher\" content=\"https:\/\/www.instagram.com\/ladestructiondesespacesvides_\/\" \/>\n<meta property=\"article:modified_time\" content=\"2023-08-18T09:52:49+00:00\" \/>\n<meta name=\"twitter:card\" content=\"summary_large_image\" \/>\n<meta name=\"twitter:label1\" content=\"Dur\u00e9e de lecture estim\u00e9e\" \/>\n\t<meta name=\"twitter:data1\" content=\"1 minute\" \/>\n<script type=\"application\/ld+json\" class=\"yoast-schema-graph\">{\"@context\":\"https:\\\/\\\/schema.org\",\"@graph\":[{\"@type\":\"WebPage\",\"@id\":\"https:\\\/\\\/ladestructiondesespacesvides.com\\\/whats-on\\\/sample-page\\\/\",\"url\":\"https:\\\/\\\/ladestructiondesespacesvides.com\\\/whats-on\\\/sample-page\\\/\",\"name\":\"about - ladestructiondesespacesvides\",\"isPartOf\":{\"@id\":\"https:\\\/\\\/ladestructiondesespacesvides.com\\\/whats-on\\\/#website\"},\"datePublished\":\"2023-08-15T18:33:39+00:00\",\"dateModified\":\"2023-08-18T09:52:49+00:00\",\"breadcrumb\":{\"@id\":\"https:\\\/\\\/ladestructiondesespacesvides.com\\\/whats-on\\\/sample-page\\\/#breadcrumb\"},\"inLanguage\":\"fr-FR\",\"potentialAction\":[{\"@type\":\"ReadAction\",\"target\":[\"https:\\\/\\\/ladestructiondesespacesvides.com\\\/whats-on\\\/sample-page\\\/\"]}]},{\"@type\":\"BreadcrumbList\",\"@id\":\"https:\\\/\\\/ladestructiondesespacesvides.com\\\/whats-on\\\/sample-page\\\/#breadcrumb\",\"itemListElement\":[{\"@type\":\"ListItem\",\"position\":1,\"name\":\"Home\",\"item\":\"https:\\\/\\\/ladestructiondesespacesvides.com\\\/whats-on\\\/\"},{\"@type\":\"ListItem\",\"position\":2,\"name\":\"about\"}]},{\"@type\":\"WebSite\",\"@id\":\"https:\\\/\\\/ladestructiondesespacesvides.com\\\/whats-on\\\/#website\",\"url\":\"https:\\\/\\\/ladestructiondesespacesvides.com\\\/whats-on\\\/\",\"name\":\"ladestructiondesespacesvides\",\"description\":\"\",\"publisher\":{\"@id\":\"https:\\\/\\\/ladestructiondesespacesvides.com\\\/whats-on\\\/#organization\"},\"potentialAction\":[{\"@type\":\"SearchAction\",\"target\":{\"@type\":\"EntryPoint\",\"urlTemplate\":\"https:\\\/\\\/ladestructiondesespacesvides.com\\\/whats-on\\\/?s={search_term_string}\"},\"query-input\":{\"@type\":\"PropertyValueSpecification\",\"valueRequired\":true,\"valueName\":\"search_term_string\"}}],\"inLanguage\":\"fr-FR\"},{\"@type\":\"Organization\",\"@id\":\"https:\\\/\\\/ladestructiondesespacesvides.com\\\/whats-on\\\/#organization\",\"name\":\"ladestructiondesespacesvides\",\"url\":\"https:\\\/\\\/ladestructiondesespacesvides.com\\\/whats-on\\\/\",\"logo\":{\"@type\":\"ImageObject\",\"inLanguage\":\"fr-FR\",\"@id\":\"https:\\\/\\\/ladestructiondesespacesvides.com\\\/whats-on\\\/#\\\/schema\\\/logo\\\/image\\\/\",\"url\":\"https:\\\/\\\/i0.wp.com\\\/ladestructiondesespacesvides.com\\\/whats-on\\\/wp-content\\\/uploads\\\/2024\\\/05\\\/Logo-dev-01.png?fit=1240%2C437&ssl=1\",\"contentUrl\":\"https:\\\/\\\/i0.wp.com\\\/ladestructiondesespacesvides.com\\\/whats-on\\\/wp-content\\\/uploads\\\/2024\\\/05\\\/Logo-dev-01.png?fit=1240%2C437&ssl=1\",\"width\":1240,\"height\":437,\"caption\":\"ladestructiondesespacesvides\"},\"image\":{\"@id\":\"https:\\\/\\\/ladestructiondesespacesvides.com\\\/whats-on\\\/#\\\/schema\\\/logo\\\/image\\\/\"},\"sameAs\":[\"https:\\\/\\\/www.instagram.com\\\/ladestructiondesespacesvides_\\\/\"]}]}<\/script>\n<!-- \/ Yoast SEO plugin. -->","yoast_head_json":{"title":"about - ladestructiondesespacesvides","robots":{"index":"index","follow":"follow","max-snippet":"max-snippet:-1","max-image-preview":"max-image-preview:large","max-video-preview":"max-video-preview:-1"},"canonical":"https:\/\/ladestructiondesespacesvides.com\/whats-on\/sample-page\/","og_locale":"fr_FR","og_type":"article","og_title":"about - ladestructiondesespacesvides","og_description":"ladestructiondesespacesvides est un collectif franco-belge fond\u00e9 en 2012 par Iris Lafon et Val\u00e9rie Leclercq, qui allie recherches curatoriales, musicales et para-acad\u00e9miques. ladestructiondesespacesvides affectionne les interventions maladroites, les expositions plac\u00e9es en \u00e9tat-limite, et pr\u00f4ne de mani\u00e8re g\u00e9n\u00e9rale une certaine esth\u00e9tique du d\u00e9rapage et de l\u2019erreur. ladestructiondesespacesvides s\u2019efforce, selon cette \u00e9thique, d\u2019offrir aux artistes et aux musicien\u00b7nes [&hellip;]","og_url":"https:\/\/ladestructiondesespacesvides.com\/whats-on\/sample-page\/","og_site_name":"ladestructiondesespacesvides","article_publisher":"https:\/\/www.instagram.com\/ladestructiondesespacesvides_\/","article_modified_time":"2023-08-18T09:52:49+00:00","twitter_card":"summary_large_image","twitter_misc":{"Dur\u00e9e de lecture estim\u00e9e":"1 minute"},"schema":{"@context":"https:\/\/schema.org","@graph":[{"@type":"WebPage","@id":"https:\/\/ladestructiondesespacesvides.com\/whats-on\/sample-page\/","url":"https:\/\/ladestructiondesespacesvides.com\/whats-on\/sample-page\/","name":"about - ladestructiondesespacesvides","isPartOf":{"@id":"https:\/\/ladestructiondesespacesvides.com\/whats-on\/#website"},"datePublished":"2023-08-15T18:33:39+00:00","dateModified":"2023-08-18T09:52:49+00:00","breadcrumb":{"@id":"https:\/\/ladestructiondesespacesvides.com\/whats-on\/sample-page\/#breadcrumb"},"inLanguage":"fr-FR","potentialAction":[{"@type":"ReadAction","target":["https:\/\/ladestructiondesespacesvides.com\/whats-on\/sample-page\/"]}]},{"@type":"BreadcrumbList","@id":"https:\/\/ladestructiondesespacesvides.com\/whats-on\/sample-page\/#breadcrumb","itemListElement":[{"@type":"ListItem","position":1,"name":"Home","item":"https:\/\/ladestructiondesespacesvides.com\/whats-on\/"},{"@type":"ListItem","position":2,"name":"about"}]},{"@type":"WebSite","@id":"https:\/\/ladestructiondesespacesvides.com\/whats-on\/#website","url":"https:\/\/ladestructiondesespacesvides.com\/whats-on\/","name":"ladestructiondesespacesvides","description":"","publisher":{"@id":"https:\/\/ladestructiondesespacesvides.com\/whats-on\/#organization"},"potentialAction":[{"@type":"SearchAction","target":{"@type":"EntryPoint","urlTemplate":"https:\/\/ladestructiondesespacesvides.com\/whats-on\/?s={search_term_string}"},"query-input":{"@type":"PropertyValueSpecification","valueRequired":true,"valueName":"search_term_string"}}],"inLanguage":"fr-FR"},{"@type":"Organization","@id":"https:\/\/ladestructiondesespacesvides.com\/whats-on\/#organization","name":"ladestructiondesespacesvides","url":"https:\/\/ladestructiondesespacesvides.com\/whats-on\/","logo":{"@type":"ImageObject","inLanguage":"fr-FR","@id":"https:\/\/ladestructiondesespacesvides.com\/whats-on\/#\/schema\/logo\/image\/","url":"https:\/\/i0.wp.com\/ladestructiondesespacesvides.com\/whats-on\/wp-content\/uploads\/2024\/05\/Logo-dev-01.png?fit=1240%2C437&ssl=1","contentUrl":"https:\/\/i0.wp.com\/ladestructiondesespacesvides.com\/whats-on\/wp-content\/uploads\/2024\/05\/Logo-dev-01.png?fit=1240%2C437&ssl=1","width":1240,"height":437,"caption":"ladestructiondesespacesvides"},"image":{"@id":"https:\/\/ladestructiondesespacesvides.com\/whats-on\/#\/schema\/logo\/image\/"},"sameAs":["https:\/\/www.instagram.com\/ladestructiondesespacesvides_\/"]}]}},"jetpack_sharing_enabled":true,"_links":{"self":[{"href":"https:\/\/ladestructiondesespacesvides.com\/whats-on\/wp-json\/wp\/v2\/pages\/2","targetHints":{"allow":["GET"]}}],"collection":[{"href":"https:\/\/ladestructiondesespacesvides.com\/whats-on\/wp-json\/wp\/v2\/pages"}],"about":[{"href":"https:\/\/ladestructiondesespacesvides.com\/whats-on\/wp-json\/wp\/v2\/types\/page"}],"author":[{"embeddable":true,"href":"https:\/\/ladestructiondesespacesvides.com\/whats-on\/wp-json\/wp\/v2\/users\/1"}],"replies":[{"embeddable":true,"href":"https:\/\/ladestructiondesespacesvides.com\/whats-on\/wp-json\/wp\/v2\/comments?post=2"}],"version-history":[{"count":4,"href":"https:\/\/ladestructiondesespacesvides.com\/whats-on\/wp-json\/wp\/v2\/pages\/2\/revisions"}],"predecessor-version":[{"id":292,"href":"https:\/\/ladestructiondesespacesvides.com\/whats-on\/wp-json\/wp\/v2\/pages\/2\/revisions\/292"}],"wp:attachment":[{"href":"https:\/\/ladestructiondesespacesvides.com\/whats-on\/wp-json\/wp\/v2\/media?parent=2"}],"curies":[{"name":"wp","href":"https:\/\/api.w.org\/{rel}","templated":true}]}}